{"id":14307,"date":"2020-10-18T17:44:15","date_gmt":"2020-10-18T15:44:15","guid":{"rendered":"https:\/\/ledison.hr\/web-trgovina\/Bez%20kategorije\/led-viseca-armatura-gips-alu-sole-e27\/"},"modified":"2024-02-01T16:19:38","modified_gmt":"2024-02-01T15:19:38","slug":"led-viseca-armatura-gips-alu-sole-e27","status":"publish","type":"product","link":"https:\/\/ledison.hr\/en\/web-trgovina\/eol\/led-viseca-armatura-gips-alu-sole-e27\/","title":{"rendered":"LED Vise\u0107a Armatura Gips-Alu SOLE E27"},"content":{"rendered":"<p>Lijepo dizajnirana vise\u0107a armatura izra\u0111ena od gipsa i aluminija za LED \u017earulje s E27 grlom.<\/p>\n<p>&#8211; Materijal: Gips i Aluminij<br \/>\n&#8211; Dimenzije: fi195 x 185 mm<br \/>\n&#8211; Tip grla: E27<br \/>\n&#8211; Maksimalna snaga \u017earulje: 40W<\/p>\n","protected":false},"excerpt":{"rendered":"<p>Lijepo dizajnirana vise\u0107a armatura izra\u0111ena od gipsa i aluminija za LED \u017earulje s E27 grlom. &#8211; Materijal: Gips i Aluminij &#8211; Dimenzije: fi195 x 185 mm &#8211; Tip grla: E27 &#8211; Maksimalna snaga \u017earulje: 40W<\/p>\n","protected":false},"featured_media":8658,"comment_status":"open","ping_status":"closed","template":"","meta":{"_acf_changed":false},"product_brand":[],"product_cat":[1402],"product_tag":[],"class_list":{"0":"post-14307","1":"product","2":"type-product","3":"status-publish","4":"has-post-thumbnail","6":"product_cat-eol","9":"first","10":"instock","11":"taxable","12":"shipping-taxable","13":"purchasable","14":"product-type-simple"},"acf":[],"_links":{"self":[{"href":"https:\/\/ledison.hr\/en\/wp-json\/wp\/v2\/product\/14307","targetHints":{"allow":["GET"]}}],"collection":[{"href":"https:\/\/ledison.hr\/en\/wp-json\/wp\/v2\/product"}],"about":[{"href":"https:\/\/ledison.hr\/en\/wp-json\/wp\/v2\/types\/product"}],"replies":[{"embeddable":true,"href":"https:\/\/ledison.hr\/en\/wp-json\/wp\/v2\/comments?post=14307"}],"wp:featuredmedia":[{"embeddable":true,"href":"https:\/\/ledison.hr\/en\/wp-json\/wp\/v2\/media\/8658"}],"wp:attachment":[{"href":"https:\/\/ledison.hr\/en\/wp-json\/wp\/v2\/media?parent=14307"}],"wp:term":[{"taxonomy":"product_brand","embeddable":true,"href":"https:\/\/ledison.hr\/en\/wp-json\/wp\/v2\/product_brand?post=14307"},{"taxonomy":"product_cat","embeddable":true,"href":"https:\/\/ledison.hr\/en\/wp-json\/wp\/v2\/product_cat?post=14307"},{"taxonomy":"product_tag","embeddable":true,"href":"https:\/\/ledison.hr\/en\/wp-json\/wp\/v2\/product_tag?post=14307"}],"curies":[{"name":"wp","href":"https:\/\/api.w.org\/{rel}","templated":true}]}}