{"id":14318,"date":"2020-10-18T23:01:16","date_gmt":"2020-10-18T21:01:16","guid":{"rendered":"https:\/\/ledison.hr\/web-trgovina\/Bez%20kategorije\/led-tri-proof-vt-48w-3840lm-150cm-6000k-ip65\/"},"modified":"2025-10-30T12:55:24","modified_gmt":"2025-10-30T11:55:24","slug":"led-tri-proof-vt-48w-3840lm-150cm-6000k-ip65","status":"publish","type":"product","link":"https:\/\/ledison.hr\/en\/web-trgovina\/led-linearna-rasvjeta\/tri-proof-ip65\/led-tri-proof-vt-48w-3840lm-150cm-6000k-ip65\/","title":{"rendered":"LED Tri-Proof VT-1574 48W 3840lm 150cm 6000K IP65"},"content":{"rendered":"<ul>\n<li>Snaga (Potro\u0161nja): 48W<\/li>\n<li>Radni napon: AC 220-240V<\/li>\n<li>Max. svjetlosni tok izvora: 3840lm<\/li>\n<li>Materijal: ABS + PC<\/li>\n<li>Dimenzije (mm): L1500xW86xH70mm<\/li>\n<li>Index za\u0161tite: IP65<\/li>\n<li>Certifikati: CE EMC ROHS<\/li>\n<li>Kut svjetlosti: 120\u00b0<\/li>\n<li>LED \u017eivotni vijek: 20.000 sati<\/li>\n<li>Broj paljenja\/ga\u0161enja: 15.000 puta<\/li>\n<li>Indeks uzvrata boje (CRI): &gt;80<\/li>\n<li>Temperatura boje: 6000K<\/li>\n<li>Radna temperatura: -20\u00b0C do +40\u00b0C<\/li>\n<\/ul>\n","protected":false},"excerpt":{"rendered":"<p>Linearna Tri-proof LED svjetiljka snage 48W i 3840lm duljine 1500mm idealna je zamjena za armature s fluo cijevima a pogodna je za skladi\u0161ta te vanjske prostore izlo\u017eene ki\u0161i.<\/p>\n","protected":false},"featured_media":113574,"comment_status":"open","ping_status":"closed","template":"","meta":{"_acf_changed":false},"product_brand":[],"product_cat":[1355,1270],"product_tag":[],"class_list":{"0":"post-14318","1":"product","2":"type-product","3":"status-publish","4":"has-post-thumbnail","6":"product_cat-tri-proof-ip65","7":"product_cat-led-linearna-rasvjeta","10":"first","11":"instock","12":"taxable","13":"shipping-taxable","14":"purchasable","15":"product-type-simple"},"acf":[],"_links":{"self":[{"href":"https:\/\/ledison.hr\/en\/wp-json\/wp\/v2\/product\/14318","targetHints":{"allow":["GET"]}}],"collection":[{"href":"https:\/\/ledison.hr\/en\/wp-json\/wp\/v2\/product"}],"about":[{"href":"https:\/\/ledison.hr\/en\/wp-json\/wp\/v2\/types\/product"}],"replies":[{"embeddable":true,"href":"https:\/\/ledison.hr\/en\/wp-json\/wp\/v2\/comments?post=14318"}],"wp:featuredmedia":[{"embeddable":true,"href":"https:\/\/ledison.hr\/en\/wp-json\/wp\/v2\/media\/113574"}],"wp:attachment":[{"href":"https:\/\/ledison.hr\/en\/wp-json\/wp\/v2\/media?parent=14318"}],"wp:term":[{"taxonomy":"product_brand","embeddable":true,"href":"https:\/\/ledison.hr\/en\/wp-json\/wp\/v2\/product_brand?post=14318"},{"taxonomy":"product_cat","embeddable":true,"href":"https:\/\/ledison.hr\/en\/wp-json\/wp\/v2\/product_cat?post=14318"},{"taxonomy":"product_tag","embeddable":true,"href":"https:\/\/ledison.hr\/en\/wp-json\/wp\/v2\/product_tag?post=14318"}],"curies":[{"name":"wp","href":"https:\/\/api.w.org\/{rel}","templated":true}]}}