{"id":14388,"date":"2020-10-18T17:44:26","date_gmt":"2020-10-18T15:44:26","guid":{"rendered":"https:\/\/ledison.hr\/web-trgovina\/Bez%20kategorije\/led-plafonjera-upshine-al48-12-18w-1650lm-3cct\/"},"modified":"2024-02-01T14:09:01","modified_gmt":"2024-02-01T13:09:01","slug":"led-plafonjera-upshine-al48-12-18w-1650lm-3cct","status":"publish","type":"product","link":"https:\/\/ledison.hr\/en\/web-trgovina\/svjetiljke-armature\/stropne-plafonjere-led-svjetiljke\/led-plafonjera-upshine-al48-12-18w-1650lm-3cct\/","title":{"rendered":"LED Plafonjera UP-AL48,18W-1650lm, 3CCT, Dim."},"content":{"rendered":"<ul>\n<li>Snaga (Potro\u0161nja): <strong>18W<\/strong><\/li>\n<li>Dimabilna:\u00a0<strong>DA<\/strong> (<strong>Triac dim<\/strong>)<\/li>\n<li>Radni napon: AC 220-240V<\/li>\n<li>Max. svjetlosni tok izvora:<strong> 1650lm<\/strong><\/li>\n<li>Temperatura boje:\u00a0<strong>3CCT<\/strong>\u00a0(3000K, 4000K, 5700K)<\/li>\n<li>Materijal: PC<\/li>\n<li>Boja: Bijela<\/li>\n<li>Dimenzije: \u00d8300 mm<\/li>\n<li>Index za\u0161tite:\u00a0<strong>IP20<\/strong><\/li>\n<li>IK faktor za\u0161tite: IK06<\/li>\n<li>Certifikati: CE ROHS<\/li>\n<li>Kut svjetlosti:\u00a0<strong>100\u00b0<\/strong><\/li>\n<li>LED \u017eivotni vijek: <strong>30.000 sati<\/strong><\/li>\n<li>Indeks uzvrata boje (CRI): &gt;80<\/li>\n<li>Radna temperatura: -20\u00b0C ~ 45\u00b0C<\/li>\n<\/ul>\n","protected":false},"excerpt":{"rendered":"<p>Kvalitetna UPSHINE dimabilna LED stropna svjetiljka snage 18W i toka svjetlosti od 1650lm s mogu\u0107no\u0161\u0107u pode\u0161avanja temperature boje 3000K, 4000K te 5700K putem DIP switcha.<\/p>\n","protected":false},"featured_media":114765,"comment_status":"open","ping_status":"closed","template":"","meta":{"_acf_changed":false},"product_brand":[],"product_cat":[1283,1309],"product_tag":[],"class_list":{"0":"post-14388","1":"product","2":"type-product","3":"status-publish","4":"has-post-thumbnail","6":"product_cat-svjetiljke-armature","7":"product_cat-stropne-plafonjere-led-svjetiljke","10":"first","11":"instock","12":"taxable","13":"shipping-taxable","14":"purchasable","15":"product-type-simple"},"acf":[],"_links":{"self":[{"href":"https:\/\/ledison.hr\/en\/wp-json\/wp\/v2\/product\/14388","targetHints":{"allow":["GET"]}}],"collection":[{"href":"https:\/\/ledison.hr\/en\/wp-json\/wp\/v2\/product"}],"about":[{"href":"https:\/\/ledison.hr\/en\/wp-json\/wp\/v2\/types\/product"}],"replies":[{"embeddable":true,"href":"https:\/\/ledison.hr\/en\/wp-json\/wp\/v2\/comments?post=14388"}],"wp:featuredmedia":[{"embeddable":true,"href":"https:\/\/ledison.hr\/en\/wp-json\/wp\/v2\/media\/114765"}],"wp:attachment":[{"href":"https:\/\/ledison.hr\/en\/wp-json\/wp\/v2\/media?parent=14388"}],"wp:term":[{"taxonomy":"product_brand","embeddable":true,"href":"https:\/\/ledison.hr\/en\/wp-json\/wp\/v2\/product_brand?post=14388"},{"taxonomy":"product_cat","embeddable":true,"href":"https:\/\/ledison.hr\/en\/wp-json\/wp\/v2\/product_cat?post=14388"},{"taxonomy":"product_tag","embeddable":true,"href":"https:\/\/ledison.hr\/en\/wp-json\/wp\/v2\/product_tag?post=14388"}],"curies":[{"name":"wp","href":"https:\/\/api.w.org\/{rel}","templated":true}]}}