{"id":14391,"date":"2020-10-20T22:44:26","date_gmt":"2020-10-20T20:44:26","guid":{"rendered":"https:\/\/ledison.hr\/web-trgovina\/Bez%20kategorije\/led-panel-ledison-60x120-72w-6000k\/"},"modified":"2025-12-30T01:29:21","modified_gmt":"2025-12-30T00:29:21","slug":"led-panel-ledison-60x120-72w-6000k","status":"publish","type":"product","link":"https:\/\/ledison.hr\/en\/web-trgovina\/downlighteri-paneli\/veliki-led-paneli\/led-panel-ledison-60x120-72w-6000k\/","title":{"rendered":"LED Panel Ledison 60x120cm &#8211; 72W, 7200lm, 6000K, PMMA"},"content":{"rendered":"<ul>\n<li>Tip: Slim LED Panel<\/li>\n<li><strong>Snaga (Potro\u0161nja): 72 W<\/strong><\/li>\n<li><strong>Svjetlosni tok: 7200 lm<\/strong><\/li>\n<li>To\u010dne dimenzije: 595 x 1195 x 10 mm<\/li>\n<li>Boja svjetla: Hladna bijela<\/li>\n<li><strong>Temperatura boje: 6000 K<\/strong><\/li>\n<li>Index uzvrata boje: (CRI): &gt;80<\/li>\n<li><strong>Kut osvjetljenja: 120\u00b0<\/strong><\/li>\n<li><strong>IP faktor za\u0161tite: IP30<\/strong><\/li>\n<li>Radni napon: 100-240V 50 Hz<\/li>\n<li>Dimabilan: NE<\/li>\n<li>O\u010dekivani radni vijek LED-a : 30.000 h<\/li>\n<li>Radna temperatura: -25\u00b0 C do +50\u00b0 C<\/li>\n<li>Certifikati: CE RoHS<br \/>\nOvaj LED panel mo\u017eete montirati\u00a0<a href=\"https:\/\/ledison.hr\/web-trgovina\/veliki-led-paneli\/okvir-za-led-panel-5951195mm-bijeli\/\"><strong>NADGRADNO<\/strong>\u00a0<\/a>i\u00a0<a href=\"https:\/\/ledison.hr\/web-trgovina\/veliki-led-paneli\/ovir-za-led-panel-5951195mm-bijeli\/\"><strong>UGRADNO<\/strong>\u00a0<\/a>(knauf), kori\u0161tenjem aluminijskog okvira 60x120cm u bijeloj boji.<\/li>\n<\/ul>\n","protected":false},"excerpt":{"rendered":"<p>Veliki ugradbeni Slim Panel dimenzija 60x120cm snage 72W, svjetlosnim tokom od 7200lm temperature boje od 6000K. Namijenjen je za monta\u017eu u Armstrong stropove. Za nadgradnu monta\u017eu kao i za ugradnu monta\u017eu u gipsani strop (knauf) ako nemate Armstrong, potreban je dodatni okvir.<\/p>\n","protected":false},"featured_media":111105,"comment_status":"open","ping_status":"closed","template":"","meta":{"_acf_changed":false},"product_brand":[],"product_cat":[1290],"product_tag":[],"class_list":{"0":"post-14391","1":"product","2":"type-product","3":"status-publish","4":"has-post-thumbnail","6":"product_cat-veliki-led-paneli","9":"first","10":"instock","11":"taxable","12":"shipping-taxable","13":"purchasable","14":"product-type-simple"},"acf":[],"_links":{"self":[{"href":"https:\/\/ledison.hr\/en\/wp-json\/wp\/v2\/product\/14391","targetHints":{"allow":["GET"]}}],"collection":[{"href":"https:\/\/ledison.hr\/en\/wp-json\/wp\/v2\/product"}],"about":[{"href":"https:\/\/ledison.hr\/en\/wp-json\/wp\/v2\/types\/product"}],"replies":[{"embeddable":true,"href":"https:\/\/ledison.hr\/en\/wp-json\/wp\/v2\/comments?post=14391"}],"wp:featuredmedia":[{"embeddable":true,"href":"https:\/\/ledison.hr\/en\/wp-json\/wp\/v2\/media\/111105"}],"wp:attachment":[{"href":"https:\/\/ledison.hr\/en\/wp-json\/wp\/v2\/media?parent=14391"}],"wp:term":[{"taxonomy":"product_brand","embeddable":true,"href":"https:\/\/ledison.hr\/en\/wp-json\/wp\/v2\/product_brand?post=14391"},{"taxonomy":"product_cat","embeddable":true,"href":"https:\/\/ledison.hr\/en\/wp-json\/wp\/v2\/product_cat?post=14391"},{"taxonomy":"product_tag","embeddable":true,"href":"https:\/\/ledison.hr\/en\/wp-json\/wp\/v2\/product_tag?post=14391"}],"curies":[{"name":"wp","href":"https:\/\/api.w.org\/{rel}","templated":true}]}}