{"id":14400,"date":"2020-10-18T17:44:29","date_gmt":"2020-10-18T15:44:29","guid":{"rendered":"https:\/\/ledison.hr\/web-trgovina\/Bez%20kategorije\/led-daljinski-rf-2-4g-upravljac-za-rgbw-skydance-rs4-4-zn\/"},"modified":"2026-03-12T14:46:33","modified_gmt":"2026-03-12T13:46:33","slug":"led-daljinski-rf-2-4g-upravljac-za-rgbw-skydance-rs4-4-zn","status":"publish","type":"product","link":"https:\/\/ledison.hr\/en\/web-trgovina\/led-upravljacki-sistemi\/upravljaci-rf-2-4ghz\/led-daljinski-rf-2-4g-upravljac-za-rgbw-skydance-rs4-4-zn\/","title":{"rendered":"Daljinski RF 2.4G upravlja\u010d za RGBW, Skydance RS4, 4-zone"},"content":{"rendered":"<ul>\n<li>Izlazni signal: RF 2.4GHz<\/li>\n<li>Doseg upravlja\u010da: do 30m<\/li>\n<li><strong>Broj zona: 4<\/strong><\/li>\n<li><strong>Funkcija<\/strong>: Dimming, on\/off, Promjena boje (RGBW)<\/li>\n<li>Baterija: 3VDC (AAAx2)<\/li>\n<li>Radna struja: &lt; 5mA<\/li>\n<li>Dimenzije: 141 x 50 x 17,5 mm<\/li>\n<\/ul>\n<p><strong>Uparivanje:<\/strong><\/p>\n<p><strong>Putem MATCH key na kontroleru:<\/strong><\/p>\n<p>Kratko pritisnite tipku \u201cMatch\u201d na kontroleru (dimmeru), zatim odmah pritisnite i dr\u017eite nekoliko sekundi tipku za uklju\u010divanje\/isklju\u010divanje na daljinskom upravlja\u010du.<br data-start=\"224\" data-end=\"227\" \/>Ako LED indikator brzo zatreperi nekoliko puta, to zna\u010di da je uparivanje uspje\u0161no.<\/p>\n<p><strong>DELETE funkcija:<\/strong><br \/>\nPritisnite i dr\u017eite tipku \u201cMatch\u201d na kontroleru 5 sekundi za brisanje svih uparenih ure\u0111aja.<br data-start=\"108\" data-end=\"111\" \/>Ako LED indikator brzo zatreperi nekoliko puta, to zna\u010di da su svi upareni daljinski upravlja\u010di izbrisani.<\/p>\n<p><strong>Bez MATCH key:<br \/>\n<\/strong><\/p>\n<p>Isklju\u010dite napajanje, zatim ga ponovno uklju\u010dite i ponovite postupak jo\u0161 jednom.<br data-start=\"122\" data-end=\"125\" \/>Odmah nakon toga, kratko pritisnite tipku za uklju\u010divanje\/isklju\u010divanje na daljinskom upravlja\u010du 3 puta.<br data-start=\"229\" data-end=\"232\" \/>Ako svjetlo trepne 3 puta, to zna\u010di da je uparivanje uspje\u0161no.<\/p>\n<p><strong>DELETE funkcija:<\/strong><br \/>\nIsklju\u010dite napajanje, zatim ga ponovno uklju\u010dite i ponovite postupak jo\u0161 jednom.<br data-start=\"122\" data-end=\"125\" \/>Odmah nakon toga, kratko pritisnite tipku za uklju\u010divanje\/isklju\u010divanje na daljinskom upravlja\u010du 5 puta.<br data-start=\"229\" data-end=\"232\" \/>Ako svjetlo trepne 5 puta, to zna\u010di da su svi upareni daljinski upravlja\u010di izbrisani.<\/p>\n<p><a href=\"https:\/\/ledison.hr\/wp-content\/uploads\/2020\/10\/RS4.jpg\"><img loading=\"lazy\" decoding=\"async\" class=\"alignnone size-full wp-image-113543\" src=\"https:\/\/ledison.hr\/wp-content\/uploads\/2020\/10\/RS4.jpg\" alt=\"\" width=\"1170\" height=\"626\" srcset=\"https:\/\/ledison.hr\/wp-content\/uploads\/2020\/10\/RS4.jpg 1170w, https:\/\/ledison.hr\/wp-content\/uploads\/2020\/10\/RS4-300x161.jpg 300w, https:\/\/ledison.hr\/wp-content\/uploads\/2020\/10\/RS4-800x428.jpg 800w, https:\/\/ledison.hr\/wp-content\/uploads\/2020\/10\/RS4-768x411.jpg 768w, https:\/\/ledison.hr\/wp-content\/uploads\/2020\/10\/RS4-600x321.jpg 600w\" sizes=\"auto, (max-width: 1170px) 100vw, 1170px\" \/><\/a> <a href=\"https:\/\/ledison.hr\/wp-content\/uploads\/2020\/10\/RS4-1.jpg\"><img loading=\"lazy\" decoding=\"async\" class=\"alignnone size-full wp-image-113545\" src=\"https:\/\/ledison.hr\/wp-content\/uploads\/2020\/10\/RS4-1.jpg\" alt=\"\" width=\"1121\" height=\"738\" srcset=\"https:\/\/ledison.hr\/wp-content\/uploads\/2020\/10\/RS4-1.jpg 1121w, https:\/\/ledison.hr\/wp-content\/uploads\/2020\/10\/RS4-1-300x198.jpg 300w, https:\/\/ledison.hr\/wp-content\/uploads\/2020\/10\/RS4-1-800x527.jpg 800w, https:\/\/ledison.hr\/wp-content\/uploads\/2020\/10\/RS4-1-768x506.jpg 768w, https:\/\/ledison.hr\/wp-content\/uploads\/2020\/10\/RS4-1-600x395.jpg 600w\" sizes=\"auto, (max-width: 1121px) 100vw, 1121px\" \/><\/a> <a href=\"https:\/\/ledison.hr\/wp-content\/uploads\/2020\/10\/RS4-2.jpg\"><img loading=\"lazy\" decoding=\"async\" class=\"alignnone size-full wp-image-113547\" src=\"https:\/\/ledison.hr\/wp-content\/uploads\/2020\/10\/RS4-2.jpg\" alt=\"\" width=\"519\" height=\"381\" srcset=\"https:\/\/ledison.hr\/wp-content\/uploads\/2020\/10\/RS4-2.jpg 519w, https:\/\/ledison.hr\/wp-content\/uploads\/2020\/10\/RS4-2-300x220.jpg 300w\" sizes=\"auto, (max-width: 519px) 100vw, 519px\" \/><\/a><\/p>\n","protected":false},"excerpt":{"rendered":"<p>Daljinski 4-zone RGB\/RGBW upravlja\u010d za RF Kontrolere koji rade na 2.4GHz s dometom do 30 m udaljenosti.\u00a0 Dolazi u kompletu s zidnim nosa\u010dem.<\/p>\n","protected":false},"featured_media":119456,"comment_status":"open","ping_status":"closed","template":"","meta":{"_acf_changed":false},"product_brand":[],"product_cat":[1384,1293],"product_tag":[],"class_list":{"0":"post-14400","1":"product","2":"type-product","3":"status-publish","4":"has-post-thumbnail","6":"product_cat-upravljaci-rf-2-4ghz","7":"product_cat-led-upravljacki-sistemi","10":"first","11":"onbackorder","12":"taxable","13":"shipping-taxable","14":"purchasable","15":"product-type-simple"},"acf":[],"_links":{"self":[{"href":"https:\/\/ledison.hr\/en\/wp-json\/wp\/v2\/product\/14400","targetHints":{"allow":["GET"]}}],"collection":[{"href":"https:\/\/ledison.hr\/en\/wp-json\/wp\/v2\/product"}],"about":[{"href":"https:\/\/ledison.hr\/en\/wp-json\/wp\/v2\/types\/product"}],"replies":[{"embeddable":true,"href":"https:\/\/ledison.hr\/en\/wp-json\/wp\/v2\/comments?post=14400"}],"wp:featuredmedia":[{"embeddable":true,"href":"https:\/\/ledison.hr\/en\/wp-json\/wp\/v2\/media\/119456"}],"wp:attachment":[{"href":"https:\/\/ledison.hr\/en\/wp-json\/wp\/v2\/media?parent=14400"}],"wp:term":[{"taxonomy":"product_brand","embeddable":true,"href":"https:\/\/ledison.hr\/en\/wp-json\/wp\/v2\/product_brand?post=14400"},{"taxonomy":"product_cat","embeddable":true,"href":"https:\/\/ledison.hr\/en\/wp-json\/wp\/v2\/product_cat?post=14400"},{"taxonomy":"product_tag","embeddable":true,"href":"https:\/\/ledison.hr\/en\/wp-json\/wp\/v2\/product_tag?post=14400"}],"curies":[{"name":"wp","href":"https:\/\/api.w.org\/{rel}","templated":true}]}}