{"id":14460,"date":"2021-10-12T17:44:36","date_gmt":"2021-10-12T15:44:36","guid":{"rendered":"https:\/\/ledison.hr\/web-trgovina\/Bez%20kategorije\/led-multifunkcijska-svjetiljka-t25-5w-350lm-ip68\/"},"modified":"2025-10-30T12:38:31","modified_gmt":"2025-10-30T11:38:31","slug":"led-multifunkcijska-svjetiljka-t25-5w-350lm-ip68","status":"publish","type":"product","link":"https:\/\/ledison.hr\/en\/web-trgovina\/svjetiljke-armature\/rucne-led-svjetiljke\/led-multifunkcijska-svjetiljka-t25-5w-350lm-ip68\/","title":{"rendered":"LED Ru\u010dna multifunkcijska svjetiljka &#8211; 5W, 350lm, IP68"},"content":{"rendered":"<p>Osim \u0161to \u0107e savr\u0161eno poslu\u017eiti kao klasi\u010dna ru\u010dna svjetiljka s velikim dometom usmjerenog svjetlosnog snopa odu\u0161evit ce vas njene mnogobrojne primjene poput kamping svjetiljke s re\u017eimom rada koji tjera komarce i sve vrste insekata 3 razine intenziteta svjetla koja se ne gasi danima (\u010dak do 60 sati neprekidnog rada) SOS svjetiljke za izvanredne situacije u prometu te Power banka velikog kapaciteta za va\u0161 mobitel ili tablet.<\/p>\n<ul>\n<li>Snaga svjetiljke: <strong>5W<\/strong><\/li>\n<li>Tok svjetlosti: 350Lm<\/li>\n<li>Power bank: 5200mA<\/li>\n<li>Dimenzije: L240mm x 40mm<\/li>\n<\/ul>\n","protected":false},"excerpt":{"rendered":"<p>Iznimno korisna vodonepropusna multifunkcionalna profi LED ru\u010dna svjetiljka snage 5W te 350lm s punjivom baterijom 5200mA zadovoljit \u0107e va\u0161 avanturisti\u010dki duh i otvoriti vam nove horizonte.<\/p>\n","protected":false},"featured_media":110701,"comment_status":"open","ping_status":"closed","template":"","meta":{"_acf_changed":false},"product_brand":[],"product_cat":[1283,1340],"product_tag":[],"class_list":{"0":"post-14460","1":"product","2":"type-product","3":"status-publish","4":"has-post-thumbnail","6":"product_cat-svjetiljke-armature","7":"product_cat-rucne-led-svjetiljke","10":"first","11":"instock","12":"taxable","13":"shipping-taxable","14":"purchasable","15":"product-type-simple"},"acf":[],"_links":{"self":[{"href":"https:\/\/ledison.hr\/en\/wp-json\/wp\/v2\/product\/14460","targetHints":{"allow":["GET"]}}],"collection":[{"href":"https:\/\/ledison.hr\/en\/wp-json\/wp\/v2\/product"}],"about":[{"href":"https:\/\/ledison.hr\/en\/wp-json\/wp\/v2\/types\/product"}],"replies":[{"embeddable":true,"href":"https:\/\/ledison.hr\/en\/wp-json\/wp\/v2\/comments?post=14460"}],"wp:featuredmedia":[{"embeddable":true,"href":"https:\/\/ledison.hr\/en\/wp-json\/wp\/v2\/media\/110701"}],"wp:attachment":[{"href":"https:\/\/ledison.hr\/en\/wp-json\/wp\/v2\/media?parent=14460"}],"wp:term":[{"taxonomy":"product_brand","embeddable":true,"href":"https:\/\/ledison.hr\/en\/wp-json\/wp\/v2\/product_brand?post=14460"},{"taxonomy":"product_cat","embeddable":true,"href":"https:\/\/ledison.hr\/en\/wp-json\/wp\/v2\/product_cat?post=14460"},{"taxonomy":"product_tag","embeddable":true,"href":"https:\/\/ledison.hr\/en\/wp-json\/wp\/v2\/product_tag?post=14460"}],"curies":[{"name":"wp","href":"https:\/\/api.w.org\/{rel}","templated":true}]}}