{"id":14511,"date":"2020-10-18T17:44:44","date_gmt":"2020-10-18T15:44:44","guid":{"rendered":"https:\/\/ledison.hr\/web-trgovina\/Bez%20kategorije\/led-kobi-g125-vintage-e27-7w-2700k\/"},"modified":"2026-03-09T12:24:26","modified_gmt":"2026-03-09T11:24:26","slug":"led-kobi-g125-vintage-e27-7w-2700k","status":"publish","type":"product","link":"https:\/\/ledison.hr\/en\/web-trgovina\/zarulje-i-cijevi\/filament-led-e14-e27\/led-kobi-g125-vintage-e27-7w-2700k\/","title":{"rendered":"LED Kobi G125 Vintage E27 &#8211; 7W 2700K"},"content":{"rendered":"<ul>\n<li>Grlo (Navoj): E27<\/li>\n<li>Tip: Globe G125<\/li>\n<li>Snaga (Potro\u0161nja): 7W<\/li>\n<li>Radn napon: 220-240V<\/li>\n<li>Svjetlosni tok: 800lm<\/li>\n<li>Temperatura boje: 2700K<\/li>\n<li>Index uzvrata boje (CRI): &gt;80<\/li>\n<li>O\u010dekivani radni vijek: 15000 h<\/li>\n<li>Broj on\/off ciklusa:\u00a0&gt;10000<\/li>\n<li>Dimenzija: 125&#215;170 mm<\/li>\n<\/ul>\n","protected":false},"excerpt":{"rendered":"<p>Dekorativna Globe Vintage E27 LED \u017earulja snage 7W i svjetlosnog toka od 800lm izvrsni imitira retro \u017earulje s \u017earnom niti.<\/p>\n","protected":false},"featured_media":110511,"comment_status":"open","ping_status":"closed","template":"","meta":{"_acf_changed":false},"product_brand":[],"product_cat":[1475,1307],"product_tag":[],"class_list":{"0":"post-14511","1":"product","2":"type-product","3":"status-publish","4":"has-post-thumbnail","6":"product_cat-zarulje-i-cijevi","7":"product_cat-filament-led-e14-e27","10":"first","11":"instock","12":"taxable","13":"shipping-taxable","14":"purchasable","15":"product-type-simple"},"acf":[],"_links":{"self":[{"href":"https:\/\/ledison.hr\/en\/wp-json\/wp\/v2\/product\/14511","targetHints":{"allow":["GET"]}}],"collection":[{"href":"https:\/\/ledison.hr\/en\/wp-json\/wp\/v2\/product"}],"about":[{"href":"https:\/\/ledison.hr\/en\/wp-json\/wp\/v2\/types\/product"}],"replies":[{"embeddable":true,"href":"https:\/\/ledison.hr\/en\/wp-json\/wp\/v2\/comments?post=14511"}],"wp:featuredmedia":[{"embeddable":true,"href":"https:\/\/ledison.hr\/en\/wp-json\/wp\/v2\/media\/110511"}],"wp:attachment":[{"href":"https:\/\/ledison.hr\/en\/wp-json\/wp\/v2\/media?parent=14511"}],"wp:term":[{"taxonomy":"product_brand","embeddable":true,"href":"https:\/\/ledison.hr\/en\/wp-json\/wp\/v2\/product_brand?post=14511"},{"taxonomy":"product_cat","embeddable":true,"href":"https:\/\/ledison.hr\/en\/wp-json\/wp\/v2\/product_cat?post=14511"},{"taxonomy":"product_tag","embeddable":true,"href":"https:\/\/ledison.hr\/en\/wp-json\/wp\/v2\/product_tag?post=14511"}],"curies":[{"name":"wp","href":"https:\/\/api.w.org\/{rel}","templated":true}]}}